{"id":556,"date":"2024-02-20T09:51:31","date_gmt":"2024-02-20T09:51:31","guid":{"rendered":"https:\/\/www.jandrez.com\/?post_type=product&#038;p=556"},"modified":"2024-02-20T10:03:23","modified_gmt":"2024-02-20T10:03:23","slug":"skyline","status":"publish","type":"product","link":"https:\/\/www.jandrez.com\/en\/product\/skyline\/","title":{"rendered":"Skyline"},"content":{"rendered":"<div class=\"pgproductreference mb-4\">\n<p><strong>00336928<\/strong><br \/>\n14,5X14,5X1CM<br \/>\nL-108<br \/>\nEAN-8433225513178<\/p>\n<\/div>\n<div id=\"pgseriedescription\" class=\"mb-4\">\n<p>Mosaicos de ard\u00f3sia natural de uma cor negra intensa, comum relevo pronunciado obtido com faixas finas que sobressaem. O Skyline \u00e9 o complemento perfeito para espa\u00e7os modernos, inovadores e pitorescos.<\/p>\n<\/div>","protected":false},"excerpt":{"rendered":"<p>00336928 14,5X14,5X1CM L-108 EAN-8433225513178 Mosaicos de ard\u00f3sia natural de uma cor negra intensa, comum relevo pronunciado obtido com faixas finas&#8230;<\/p>","protected":false},"featured_media":559,"comment_status":"open","ping_status":"closed","template":"","meta":[],"product_brand":[],"product_cat":[17],"product_tag":[],"class_list":{"0":"post-556","1":"product","2":"type-product","3":"status-publish","4":"has-post-thumbnail","6":"product_cat-mosaicos","8":"first","9":"instock","10":"shipping-taxable","11":"product-type-simple"},"_links":{"self":[{"href":"https:\/\/www.jandrez.com\/en\/wp-json\/wp\/v2\/product\/556","targetHints":{"allow":["GET"]}}],"collection":[{"href":"https:\/\/www.jandrez.com\/en\/wp-json\/wp\/v2\/product"}],"about":[{"href":"https:\/\/www.jandrez.com\/en\/wp-json\/wp\/v2\/types\/product"}],"replies":[{"embeddable":true,"href":"https:\/\/www.jandrez.com\/en\/wp-json\/wp\/v2\/comments?post=556"}],"wp:featuredmedia":[{"embeddable":true,"href":"https:\/\/www.jandrez.com\/en\/wp-json\/wp\/v2\/media\/559"}],"wp:attachment":[{"href":"https:\/\/www.jandrez.com\/en\/wp-json\/wp\/v2\/media?parent=556"}],"wp:term":[{"taxonomy":"product_brand","embeddable":true,"href":"https:\/\/www.jandrez.com\/en\/wp-json\/wp\/v2\/product_brand?post=556"},{"taxonomy":"product_cat","embeddable":true,"href":"https:\/\/www.jandrez.com\/en\/wp-json\/wp\/v2\/product_cat?post=556"},{"taxonomy":"product_tag","embeddable":true,"href":"https:\/\/www.jandrez.com\/en\/wp-json\/wp\/v2\/product_tag?post=556"}],"curies":[{"name":"wp","href":"https:\/\/api.w.org\/{rel}","templated":true}]}}